{"id":2846,"date":"2024-10-08T11:56:28","date_gmt":"2024-10-08T09:56:28","guid":{"rendered":"https:\/\/roadstuds.com\/product\/lux-2-o-50-mm\/"},"modified":"2026-04-25T19:25:34","modified_gmt":"2026-04-25T17:25:34","slug":"marcadores-de-estrada-de-vidro-lux-2-50-mm","status":"publish","type":"product","link":"https:\/\/roadstuds.com\/pt-pt\/marcadores-de-estrada-de-vidro\/lux-2-50-mm\/","title":{"rendered":"LUX 2 <br> <span style=\"font-size:15px; font-weight: 600;\">\u00d8 50 mm<\/span>"},"content":{"rendered":"<table>\n<thead>\n<tr>\n<th><\/th>\n<th><\/th>\n<th><\/th>\n<th><\/th>\n<\/tr>\n<\/thead>\n<tbody>\n<tr>\n<td><strong>Di\u00e2metro<\/strong><\/td>\n<td>\u00d8 50 mm<\/td>\n<td><strong>M\u00e9todo de fixa\u00e7\u00e3o<\/strong><\/td>\n<td>Punho de borracha, &#8220;<span style=\"color: #808080;\"><a style=\"color: #808080;\" href=\"https:\/\/www.quora.com\/What-is-the-Bubba-effect\" target=\"_blank\" rel=\"noopener\">Efeito Barb<\/a><\/span>&#8220;<\/td>\n<\/tr>\n<tr>\n<td><strong>Cumpre a norma EN<\/strong><\/td>\n<td>NEN-EN 1463-1 &amp; 2<\/td>\n<td><strong>Reflex\u00e3o<\/strong><\/td>\n<td>360\u00b0<\/td>\n<\/tr>\n<tr>\n<td><strong>Resist\u00eancia \u00e0 compress\u00e3o<\/strong><\/td>\n<td>27 toneladas<\/td>\n<td><strong>Bi-direcional<\/strong><\/td>\n<td>&#8211;<\/td>\n<\/tr>\n<tr>\n<td><strong>Resist\u00eancia ao impacto<\/strong><\/td>\n<td>100 Joule<\/td>\n<td><strong>Cores<\/strong><\/td>\n<td>Vermelho, azul, verde, amarelo, \u00e2mbar a pedido<\/td>\n<\/tr>\n<tr>\n<td><strong>Vidro de seguran\u00e7a<\/strong><\/td>\n<td>Sim, totalmente temperado<\/td>\n<td><strong>Peso<\/strong><\/td>\n<td>175 gramas<\/td>\n<\/tr>\n<tr>\n<td><strong>Altura acima do pavimento<\/strong><\/td>\n<td>11 mm<\/td>\n<td><strong>Profundidade de perfura\u00e7\u00e3o necess\u00e1ria<\/strong><\/td>\n<td>45 mm<\/td>\n<\/tr>\n<\/tbody>\n<\/table>\n","protected":false},"excerpt":{"rendered":"<p>O marcador de estrada de vidro tipo LUX 2, tamb\u00e9m conhecido como &#8220;marcador de berma&#8221;, foi concebido para ser instalado em bet\u00e3o. Utilizado principalmente em elementos de bet\u00e3o para aumentar a seguran\u00e7a das rotundas e das ilhas de tr\u00e1fego. N\u00e3o \u00e9 adequado para instala\u00e7\u00e3o em asfalto.<\/p>\n","protected":false},"featured_media":2735,"comment_status":"open","ping_status":"closed","template":"","meta":{"_acf_changed":false},"product_brand":[],"product_cat":[51],"product_tag":[54],"class_list":{"0":"post-2846","1":"product","2":"type-product","3":"status-publish","4":"has-post-thumbnail","6":"product_cat-sem-categoria","7":"product_tag-vidro-solido-lux","9":"first","10":"instock","11":"shipping-taxable","12":"purchasable","13":"product-type-variable"},"acf":[],"_links":{"self":[{"href":"https:\/\/roadstuds.com\/pt-pt\/wp-json\/wp\/v2\/product\/2846","targetHints":{"allow":["GET"]}}],"collection":[{"href":"https:\/\/roadstuds.com\/pt-pt\/wp-json\/wp\/v2\/product"}],"about":[{"href":"https:\/\/roadstuds.com\/pt-pt\/wp-json\/wp\/v2\/types\/product"}],"replies":[{"embeddable":true,"href":"https:\/\/roadstuds.com\/pt-pt\/wp-json\/wp\/v2\/comments?post=2846"}],"version-history":[{"count":1,"href":"https:\/\/roadstuds.com\/pt-pt\/wp-json\/wp\/v2\/product\/2846\/revisions"}],"predecessor-version":[{"id":3153,"href":"https:\/\/roadstuds.com\/pt-pt\/wp-json\/wp\/v2\/product\/2846\/revisions\/3153"}],"wp:featuredmedia":[{"embeddable":true,"href":"https:\/\/roadstuds.com\/pt-pt\/wp-json\/wp\/v2\/media\/2735"}],"wp:attachment":[{"href":"https:\/\/roadstuds.com\/pt-pt\/wp-json\/wp\/v2\/media?parent=2846"}],"wp:term":[{"taxonomy":"product_brand","embeddable":true,"href":"https:\/\/roadstuds.com\/pt-pt\/wp-json\/wp\/v2\/product_brand?post=2846"},{"taxonomy":"product_cat","embeddable":true,"href":"https:\/\/roadstuds.com\/pt-pt\/wp-json\/wp\/v2\/product_cat?post=2846"},{"taxonomy":"product_tag","embeddable":true,"href":"https:\/\/roadstuds.com\/pt-pt\/wp-json\/wp\/v2\/product_tag?post=2846"}],"curies":[{"name":"wp","href":"https:\/\/api.w.org\/{rel}","templated":true}]}}