{"id":2844,"date":"2024-10-08T11:56:38","date_gmt":"2024-10-08T09:56:38","guid":{"rendered":"https:\/\/roadstuds.com\/product\/lux-4-o-100-mm\/"},"modified":"2026-04-25T19:25:16","modified_gmt":"2026-04-25T17:25:16","slug":"marcadores-de-estrada-de-vidro-lux-4-100-mm","status":"publish","type":"product","link":"https:\/\/roadstuds.com\/pt-pt\/marcadores-de-estrada-de-vidro\/lux-4-100-mm\/","title":{"rendered":"LUX 4 <br> <span style=\"font-size:15px; font-weight: 600;\">\u00d8 100 mm<\/span>"},"content":{"rendered":"<table>\n<thead>\n<tr>\n<th><\/th>\n<th><\/th>\n<th><\/th>\n<th><\/th>\n<\/tr>\n<\/thead>\n<tbody>\n<tr>\n<td><strong>Di\u00e2metro<\/strong><\/td>\n<td>\u00d8 100 mm<\/td>\n<td><strong>M\u00e9todo de fixa\u00e7\u00e3o<\/strong><\/td>\n<td>Adesivo de dois componentes ou <span style=\"color: #808080;\"><a style=\"color: #808080;\" href=\"https:\/\/www.quora.com\/What-is-bitumen-emulsion\" target=\"_blank\" rel=\"noopener\">betume<\/a><\/span> ou emuls\u00e3o betuminosa<\/td>\n<\/tr>\n<tr>\n<td><strong>Cumpre a norma EN<\/strong><\/td>\n<td>NEN-EN 1463-1 &amp; 2<\/td>\n<td><strong>Reflex\u00e3o<\/strong><\/td>\n<td>360\u00b0<\/td>\n<\/tr>\n<tr>\n<td><strong>Resist\u00eancia \u00e0 compress\u00e3o<\/strong><\/td>\n<td>80 toneladas<\/td>\n<td><strong>Bi-direcional<\/strong><\/td>\n<td>&#8211;<\/td>\n<\/tr>\n<tr>\n<td><strong>Resist\u00eancia ao impacto<\/strong><\/td>\n<td>&gt; 150 Joule<\/td>\n<td><strong>Cores<\/strong><\/td>\n<td>Branco<\/td>\n<\/tr>\n<tr>\n<td><strong>Vidro de seguran\u00e7a<\/strong><\/td>\n<td>Sim, totalmente temperado<\/td>\n<td><strong>Peso<\/strong><\/td>\n<td>540 gramas<\/td>\n<\/tr>\n<tr>\n<td><strong>Altura acima do pavimento<\/strong><\/td>\n<td>14 mm<\/td>\n<td><strong>Profundidade necess\u00e1ria do furo<\/strong><\/td>\n<td>26 mm<\/td>\n<\/tr>\n<\/tbody>\n<\/table>\n","protected":false},"excerpt":{"rendered":"<p>Marcador de estrada de vidro tipo LUX 4, de altura reduzida em rela\u00e7\u00e3o ao LUX 3. \u00c9 utilizado sobretudo em parques de estacionamento ou em zonas pedonais. Pode ser aplicado tanto em asfalto como em bet\u00e3o.<\/p>\n","protected":false},"featured_media":2737,"comment_status":"open","ping_status":"closed","template":"","meta":{"_acf_changed":false},"product_brand":[],"product_cat":[51],"product_tag":[54],"class_list":{"0":"post-2844","1":"product","2":"type-product","3":"status-publish","4":"has-post-thumbnail","6":"product_cat-sem-categoria","7":"product_tag-vidro-solido-lux","9":"first","10":"instock","11":"shipping-taxable","12":"purchasable","13":"product-type-variable"},"acf":[],"_links":{"self":[{"href":"https:\/\/roadstuds.com\/pt-pt\/wp-json\/wp\/v2\/product\/2844","targetHints":{"allow":["GET"]}}],"collection":[{"href":"https:\/\/roadstuds.com\/pt-pt\/wp-json\/wp\/v2\/product"}],"about":[{"href":"https:\/\/roadstuds.com\/pt-pt\/wp-json\/wp\/v2\/types\/product"}],"replies":[{"embeddable":true,"href":"https:\/\/roadstuds.com\/pt-pt\/wp-json\/wp\/v2\/comments?post=2844"}],"version-history":[{"count":2,"href":"https:\/\/roadstuds.com\/pt-pt\/wp-json\/wp\/v2\/product\/2844\/revisions"}],"predecessor-version":[{"id":3149,"href":"https:\/\/roadstuds.com\/pt-pt\/wp-json\/wp\/v2\/product\/2844\/revisions\/3149"}],"wp:featuredmedia":[{"embeddable":true,"href":"https:\/\/roadstuds.com\/pt-pt\/wp-json\/wp\/v2\/media\/2737"}],"wp:attachment":[{"href":"https:\/\/roadstuds.com\/pt-pt\/wp-json\/wp\/v2\/media?parent=2844"}],"wp:term":[{"taxonomy":"product_brand","embeddable":true,"href":"https:\/\/roadstuds.com\/pt-pt\/wp-json\/wp\/v2\/product_brand?post=2844"},{"taxonomy":"product_cat","embeddable":true,"href":"https:\/\/roadstuds.com\/pt-pt\/wp-json\/wp\/v2\/product_cat?post=2844"},{"taxonomy":"product_tag","embeddable":true,"href":"https:\/\/roadstuds.com\/pt-pt\/wp-json\/wp\/v2\/product_tag?post=2844"}],"curies":[{"name":"wp","href":"https:\/\/api.w.org\/{rel}","templated":true}]}}