{"id":2843,"date":"2024-10-08T13:21:48","date_gmt":"2024-10-08T11:21:48","guid":{"rendered":"https:\/\/roadstuds.com\/product\/lux-6-o-50-mm\/"},"modified":"2026-04-25T19:24:58","modified_gmt":"2026-04-25T17:24:58","slug":"marcadores-de-estrada-de-vidro-lux-6-50-mm","status":"publish","type":"product","link":"https:\/\/roadstuds.com\/pt-pt\/marcadores-de-estrada-de-vidro\/lux-6-50-mm\/","title":{"rendered":"LUX 6 <br> <span style=\"font-size:15px; font-weight: 600;\">\u00d8 50 mm<\/span>"},"content":{"rendered":"<table>\n<thead>\n<tr>\n<th><\/th>\n<th><\/th>\n<th><\/th>\n<th><\/th>\n<\/tr>\n<\/thead>\n<tbody>\n<tr>\n<td><strong>Di\u00e2metro<\/strong><\/td>\n<td>\u00d8 50 mm<\/td>\n<td><strong>M\u00e9todo de fixa\u00e7\u00e3o<\/strong><\/td>\n<td>Adesivo de dois componentes<\/td>\n<\/tr>\n<tr>\n<td><strong>Cumpre a norma EN<\/strong><\/td>\n<td>EN 1463-1 &amp; 2<\/td>\n<td><strong>Reflex\u00e3o<\/strong><\/td>\n<td>360\u00b0<\/td>\n<\/tr>\n<tr>\n<td><strong>Resist\u00eancia \u00e0 compress\u00e3o<\/strong><\/td>\n<td>60 toneladas<\/td>\n<td><strong>Bi-direcional<\/strong><\/td>\n<td>&#8211;<\/td>\n<\/tr>\n<tr>\n<td><strong>Resist\u00eancia ao impacto<\/strong><\/td>\n<td>&gt; 150 Joule<\/td>\n<td><strong>Cores<\/strong><\/td>\n<td>Branco<\/td>\n<\/tr>\n<tr>\n<td><strong>Vidro de seguran\u00e7a<\/strong><\/td>\n<td>Sim, totalmente temperado<\/td>\n<td><strong>Peso<\/strong><\/td>\n<td>60 gramas<\/td>\n<\/tr>\n<tr>\n<td><strong>Altura acima do pavimento<\/strong><\/td>\n<td>11,5 mm<\/td>\n<td><strong>Profundidade de perfura\u00e7\u00e3o necess\u00e1ria<\/strong><\/td>\n<td>12 mm<\/td>\n<\/tr>\n<\/tbody>\n<\/table>\n","protected":false},"excerpt":{"rendered":"<p>Marcador de estrada em vidro tipo LUX 6, a op\u00e7\u00e3o mais pequena da fam\u00edlia de marcadores de estrada LUX e tamb\u00e9m a mais brilhante das op\u00e7\u00f5es de 50 mm de di\u00e2metro. <span style=\"color: #808080;\"><a style=\"color: #808080;\" href=\"https:\/\/www.quora.com\/What-is-meant-by-unidirectional-and-bidirectional\">Design bidirecional<\/a><\/span> com brilho refor\u00e7ado.<\/p>\n","protected":false},"featured_media":2738,"comment_status":"open","ping_status":"closed","template":"","meta":{"_acf_changed":false},"product_brand":[],"product_cat":[51],"product_tag":[54],"class_list":{"0":"post-2843","1":"product","2":"type-product","3":"status-publish","4":"has-post-thumbnail","6":"product_cat-sem-categoria","7":"product_tag-vidro-solido-lux","9":"first","10":"instock","11":"shipping-taxable","12":"purchasable","13":"product-type-variable"},"acf":[],"_links":{"self":[{"href":"https:\/\/roadstuds.com\/pt-pt\/wp-json\/wp\/v2\/product\/2843","targetHints":{"allow":["GET"]}}],"collection":[{"href":"https:\/\/roadstuds.com\/pt-pt\/wp-json\/wp\/v2\/product"}],"about":[{"href":"https:\/\/roadstuds.com\/pt-pt\/wp-json\/wp\/v2\/types\/product"}],"replies":[{"embeddable":true,"href":"https:\/\/roadstuds.com\/pt-pt\/wp-json\/wp\/v2\/comments?post=2843"}],"version-history":[{"count":2,"href":"https:\/\/roadstuds.com\/pt-pt\/wp-json\/wp\/v2\/product\/2843\/revisions"}],"predecessor-version":[{"id":3148,"href":"https:\/\/roadstuds.com\/pt-pt\/wp-json\/wp\/v2\/product\/2843\/revisions\/3148"}],"wp:featuredmedia":[{"embeddable":true,"href":"https:\/\/roadstuds.com\/pt-pt\/wp-json\/wp\/v2\/media\/2738"}],"wp:attachment":[{"href":"https:\/\/roadstuds.com\/pt-pt\/wp-json\/wp\/v2\/media?parent=2843"}],"wp:term":[{"taxonomy":"product_brand","embeddable":true,"href":"https:\/\/roadstuds.com\/pt-pt\/wp-json\/wp\/v2\/product_brand?post=2843"},{"taxonomy":"product_cat","embeddable":true,"href":"https:\/\/roadstuds.com\/pt-pt\/wp-json\/wp\/v2\/product_cat?post=2843"},{"taxonomy":"product_tag","embeddable":true,"href":"https:\/\/roadstuds.com\/pt-pt\/wp-json\/wp\/v2\/product_tag?post=2843"}],"curies":[{"name":"wp","href":"https:\/\/api.w.org\/{rel}","templated":true}]}}