{"id":2840,"date":"2024-10-08T13:28:33","date_gmt":"2024-10-08T11:28:33","guid":{"rendered":"https:\/\/roadstuds.com\/product\/lux-lunar-5-o-112-mm\/"},"modified":"2026-04-25T19:23:59","modified_gmt":"2026-04-25T17:23:59","slug":"marcadores-de-estrada-solares-lux-lunar-5-112-mm","status":"publish","type":"product","link":"https:\/\/roadstuds.com\/pt-pt\/marcadores-de-estrada-solares\/lux-lunar-5-112-mm\/","title":{"rendered":"LUX Lunar 5 <br> <span style=\"font-size:15px; font-weight: 600;\">\u00d8 112 mm<\/span>"},"content":{"rendered":"<table>\n<thead>\n<tr>\n<th><\/th>\n<th><\/th>\n<th><\/th>\n<th><\/th>\n<\/tr>\n<\/thead>\n<tbody>\n<tr>\n<td>Di\u00e2metro<\/td>\n<td>\u00d8 112 mm<\/td>\n<td>Intervalo de temperatura<\/td>\n<td>-20\u00b0 &gt; +85\u00b0<\/td>\n<\/tr>\n<tr>\n<td>Altura acima da superf\u00edcie ap\u00f3s a montagem<\/td>\n<td>4 mm<\/td>\n<td>Bateria<\/td>\n<td><span style=\"color: #808080;\"><a style=\"color: #808080;\" href=\"https:\/\/www.quora.com\/Is-the-Ni-MH-rechargeable-AA-battery-2600mAh-good-against-leakage\" target=\"_blank\" rel=\"noopener\">Ni-MH<\/a><\/span><\/td>\n<\/tr>\n<tr>\n<td>Pode ser calcado<\/td>\n<td>Sim, permanentemente<\/td>\n<td>Capacidade de carregamento<\/td>\n<td>100% em 3 horas a 100 KLux<\/td>\n<\/tr>\n<tr>\n<td>LED<\/td>\n<td>Unidirecional ou Bidirecional, 1 LED por lado<\/td>\n<td>Op\u00e7\u00f5es Cores dos LEDs<\/td>\n<td>Branco, verde, azul, vermelho, amarelo<\/td>\n<\/tr>\n<tr>\n<td>Tempo de vida normal<\/td>\n<td>8 anos<\/td>\n<td>Sa\u00edda de luz<\/td>\n<td>2.500 mcd<\/td>\n<\/tr>\n<tr>\n<td>Sustentabilidade<\/td>\n<td>IP68<\/td>\n<td>Profundidade de instala\u00e7\u00e3o<\/td>\n<td>60 mm<\/td>\n<\/tr>\n<\/tbody>\n<\/table>\n","protected":false},"excerpt":{"rendered":"<p>Aumente a seguran\u00e7a rodovi\u00e1ria com o LUX Lunar 5, um marcador de estrada LED resistente e eficiente, concebido para visibilidade noturna e com pouca luz. Concebido com um di\u00e2metro de 112 mm e um perfil de superf\u00edcie m\u00ednimo de 4 mm ap\u00f3s a instala\u00e7\u00e3o, este <a href=\"https:\/\/roadstuds.com\/pt-pt\/?page_id=2674\">marcador de estrada LED<\/a> assegura uma integra\u00e7\u00e3o perfeita em qualquer pavimento, independentemente dos rigores do tr\u00e1fego di\u00e1rio.<\/p>\n","protected":false},"featured_media":2763,"comment_status":"open","ping_status":"closed","template":"","meta":{"_acf_changed":false},"product_brand":[],"product_cat":[51],"product_tag":[53],"class_list":{"0":"post-2840","1":"product","2":"type-product","3":"status-publish","4":"has-post-thumbnail","6":"product_cat-sem-categoria","7":"product_tag-lux-lunar","9":"first","10":"instock","11":"shipping-taxable","12":"purchasable","13":"product-type-variable"},"acf":[],"_links":{"self":[{"href":"https:\/\/roadstuds.com\/pt-pt\/wp-json\/wp\/v2\/product\/2840","targetHints":{"allow":["GET"]}}],"collection":[{"href":"https:\/\/roadstuds.com\/pt-pt\/wp-json\/wp\/v2\/product"}],"about":[{"href":"https:\/\/roadstuds.com\/pt-pt\/wp-json\/wp\/v2\/types\/product"}],"replies":[{"embeddable":true,"href":"https:\/\/roadstuds.com\/pt-pt\/wp-json\/wp\/v2\/comments?post=2840"}],"version-history":[{"count":3,"href":"https:\/\/roadstuds.com\/pt-pt\/wp-json\/wp\/v2\/product\/2840\/revisions"}],"predecessor-version":[{"id":3146,"href":"https:\/\/roadstuds.com\/pt-pt\/wp-json\/wp\/v2\/product\/2840\/revisions\/3146"}],"wp:featuredmedia":[{"embeddable":true,"href":"https:\/\/roadstuds.com\/pt-pt\/wp-json\/wp\/v2\/media\/2763"}],"wp:attachment":[{"href":"https:\/\/roadstuds.com\/pt-pt\/wp-json\/wp\/v2\/media?parent=2840"}],"wp:term":[{"taxonomy":"product_brand","embeddable":true,"href":"https:\/\/roadstuds.com\/pt-pt\/wp-json\/wp\/v2\/product_brand?post=2840"},{"taxonomy":"product_cat","embeddable":true,"href":"https:\/\/roadstuds.com\/pt-pt\/wp-json\/wp\/v2\/product_cat?post=2840"},{"taxonomy":"product_tag","embeddable":true,"href":"https:\/\/roadstuds.com\/pt-pt\/wp-json\/wp\/v2\/product_tag?post=2840"}],"curies":[{"name":"wp","href":"https:\/\/api.w.org\/{rel}","templated":true}]}}