{"id":2838,"date":"2024-10-08T13:28:52","date_gmt":"2024-10-08T11:28:52","guid":{"rendered":"https:\/\/roadstuds.com\/product\/lux-lunar-6-o-80-mm\/"},"modified":"2026-04-25T19:23:33","modified_gmt":"2026-04-25T17:23:33","slug":"marcadores-de-estrada-solares-lux-lunar-6-80-mm","status":"publish","type":"product","link":"https:\/\/roadstuds.com\/pt-pt\/marcadores-de-estrada-solares\/lux-lunar-6-80-mm\/","title":{"rendered":"LUX Lunar 6 <br> <span style=\"font-size:15px; font-weight: 600;\">\u00d8 80 mm<\/span>"},"content":{"rendered":"<table>\n<thead>\n<tr>\n<th><\/th>\n<th><\/th>\n<th><\/th>\n<th><\/th>\n<\/tr>\n<\/thead>\n<tbody>\n<tr>\n<td>Di\u00e2metro<\/td>\n<td>\u00d8 80 mm<\/td>\n<td>Intervalo de temperatura<\/td>\n<td>-20\u00b0 &gt; +70\u00b0<\/td>\n<\/tr>\n<tr>\n<td>Altura acima da superf\u00edcie ap\u00f3s a montagem<\/td>\n<td>6 mm<\/td>\n<td>Bateria<\/td>\n<td>I\u00f5es de l\u00edtio<\/td>\n<\/tr>\n<tr>\n<td>Pode ser calcado<\/td>\n<td>Sim, limitado<\/td>\n<td>Capacidade de carregamento<\/td>\n<td>100% em 3 horas a 100 <span style=\"color: #808080;\"><a style=\"color: #808080;\" href=\"https:\/\/www.quora.com\/What-was-the-rise-and-fall-of-the-Ku-Klux-Klan\" target=\"_blank\" rel=\"noopener\">KLux<\/a><\/span><\/td>\n<\/tr>\n<tr>\n<td>LED<\/td>\n<td>1 LED, 360\u00b0<\/td>\n<td>Op\u00e7\u00f5es Cores dos LEDs<\/td>\n<td>Branco, verde, azul, vermelho, amarelo<\/td>\n<\/tr>\n<tr>\n<td>Tempo de vida normal<\/td>\n<td>8 anos<\/td>\n<td>Sa\u00edda de luz<\/td>\n<td>1.000 mcd<\/td>\n<\/tr>\n<tr>\n<td>Sustentabilidade<\/td>\n<td>IP68<\/td>\n<td>Profundidade de instala\u00e7\u00e3o<\/td>\n<td>27 mm<\/td>\n<\/tr>\n<\/tbody>\n<\/table>\n","protected":false},"excerpt":{"rendered":"<p>O LUX Lunar 6 \u00e9 um marcador de estrada LED compacto, mas potente, concebido para aumentar a visibilidade noturna e a seguran\u00e7a rodovi\u00e1ria. O seu di\u00e2metro de 80 mm e o perfil baixo de 6 mm permitem uma integra\u00e7\u00e3o harmoniosa no pavimento, minimizando as altera\u00e7\u00f5es na superf\u00edcie e os riscos de queda. Este marcador apresenta um <a href=\"https:\/\/roadstuds.com\/pt-pt\/?page_id=2674\">indicador LED<\/a> de 360\u00b0 alimentado por uma bateria de i\u00f5es de l\u00edtio de carregamento r\u00e1pido, atingindo a carga completa em apenas 3 horas sob uma ilumina\u00e7\u00e3o de 100 kLux.<\/p>\n","protected":false},"featured_media":2764,"comment_status":"open","ping_status":"closed","template":"","meta":{"_acf_changed":false},"product_brand":[],"product_cat":[51],"product_tag":[53],"class_list":{"0":"post-2838","1":"product","2":"type-product","3":"status-publish","4":"has-post-thumbnail","6":"product_cat-sem-categoria","7":"product_tag-lux-lunar","9":"first","10":"instock","11":"shipping-taxable","12":"purchasable","13":"product-type-variable"},"acf":[],"_links":{"self":[{"href":"https:\/\/roadstuds.com\/pt-pt\/wp-json\/wp\/v2\/product\/2838","targetHints":{"allow":["GET"]}}],"collection":[{"href":"https:\/\/roadstuds.com\/pt-pt\/wp-json\/wp\/v2\/product"}],"about":[{"href":"https:\/\/roadstuds.com\/pt-pt\/wp-json\/wp\/v2\/types\/product"}],"replies":[{"embeddable":true,"href":"https:\/\/roadstuds.com\/pt-pt\/wp-json\/wp\/v2\/comments?post=2838"}],"version-history":[{"count":3,"href":"https:\/\/roadstuds.com\/pt-pt\/wp-json\/wp\/v2\/product\/2838\/revisions"}],"predecessor-version":[{"id":3132,"href":"https:\/\/roadstuds.com\/pt-pt\/wp-json\/wp\/v2\/product\/2838\/revisions\/3132"}],"wp:featuredmedia":[{"embeddable":true,"href":"https:\/\/roadstuds.com\/pt-pt\/wp-json\/wp\/v2\/media\/2764"}],"wp:attachment":[{"href":"https:\/\/roadstuds.com\/pt-pt\/wp-json\/wp\/v2\/media?parent=2838"}],"wp:term":[{"taxonomy":"product_brand","embeddable":true,"href":"https:\/\/roadstuds.com\/pt-pt\/wp-json\/wp\/v2\/product_brand?post=2838"},{"taxonomy":"product_cat","embeddable":true,"href":"https:\/\/roadstuds.com\/pt-pt\/wp-json\/wp\/v2\/product_cat?post=2838"},{"taxonomy":"product_tag","embeddable":true,"href":"https:\/\/roadstuds.com\/pt-pt\/wp-json\/wp\/v2\/product_tag?post=2838"}],"curies":[{"name":"wp","href":"https:\/\/api.w.org\/{rel}","templated":true}]}}