{"id":2656,"date":"2024-09-27T16:15:34","date_gmt":"2024-09-27T14:15:34","guid":{"rendered":"https:\/\/roadstuds.com\/about-van-wylick-road-studs\/"},"modified":"2026-04-19T21:49:27","modified_gmt":"2026-04-19T19:49:27","slug":"sobre-a-van-wylick-marcadores-de-estrada","status":"publish","type":"page","link":"https:\/\/roadstuds.com\/pt-pt\/sobre-a-van-wylick-marcadores-de-estrada\/","title":{"rendered":"Sobre N\u00f3s"},"content":{"rendered":"\t\t<div data-elementor-type=\"wp-page\" data-elementor-id=\"2656\" class=\"elementor elementor-2656 elementor-237\" data-elementor-post-type=\"page\">\n\t\t\t\t<div class=\"elementor-element elementor-element-02b2fba e-con-full e-flex e-con e-parent\" data-id=\"02b2fba\" data-element_type=\"container\" data-e-type=\"container\" data-settings=\"{&quot;background_background&quot;:&quot;classic&quot;,&quot;jet_parallax_layout_list&quot;:[]}\">\n\t\t<div class=\"elementor-element elementor-element-d26cf40 e-con-full e-flex e-con e-child\" data-id=\"d26cf40\" data-element_type=\"container\" data-e-type=\"container\" data-settings=\"{&quot;jet_parallax_layout_list&quot;:[]}\">\n\t\t\t\t<div class=\"elementor-element elementor-element-bcaf7ad elementor-invisible elementor-widget elementor-widget-heading\" data-id=\"bcaf7ad\" data-element_type=\"widget\" data-e-type=\"widget\" data-settings=\"{&quot;_animation&quot;:&quot;fadeInDown&quot;}\" data-widget_type=\"heading.default\">\n\t\t\t\t\t<h2 class=\"elementor-heading-title elementor-size-default\">Sobre os Marcadores de Estrada da Van Wylick<\/h2>\t\t\t\t<\/div>\n\t\t\t\t<div class=\"elementor-element elementor-element-3e5fcba elementor-invisible elementor-widget elementor-widget-text-editor\" data-id=\"3e5fcba\" data-element_type=\"widget\" data-e-type=\"widget\" data-settings=\"{&quot;_animation&quot;:&quot;fadeIn&quot;}\" data-widget_type=\"text-editor.default\">\n\t\t\t\t\t\t\t\t\t<p>A Van Wylick Road Studs faz parte de uma PME holandesa especializada no nicho de mercado dos marcadores de estrada: a \u201cVan Wylick Wegdek-reflectoren BV\u201d.<\/p><p>\u201cVan Wylick\u201d \u00e9 um sobrenome e \u201cWegdek-reflectoren\u201d significa \u201crefletores de estrada\u201d em holand\u00eas. A empresa \u00e9 de propriedade familiar e prosperou gra\u00e7as ao conjunto completo de produtos que oferece. A combina\u00e7\u00e3o da venda de produtos da melhor qualidade, da presta\u00e7\u00e3o de consultoria profissional e da instala\u00e7\u00e3o do produto de forma profissional e eficiente torna-a l\u00edder de mercado na Holanda.<\/p><p>A Van Wylick Wegdek-reflectoren BV foi fundada em 1993. Por conseguinte, a Van Wylick Road Studs conta com um vasto acervo de conhecimentos adquiridos ao longo dos anos.<\/p><p>A procura por marcadores rodovi\u00e1rios de alta qualidade est\u00e1 a aumentar e a PME holandesa recebia cada vez mais pedidos de informa\u00e7\u00e3o de todo o mundo. Para dar resposta a esta procura, foi fundada a Van Wylick Road Studs.<\/p>\t\t\t\t\t\t\t\t<\/div>\n\t\t\t\t<\/div>\n\t\t<div class=\"elementor-element elementor-element-c961e7a e-con-full e-flex elementor-invisible e-con e-child\" data-id=\"c961e7a\" data-element_type=\"container\" data-e-type=\"container\" data-settings=\"{&quot;background_background&quot;:&quot;classic&quot;,&quot;animation&quot;:&quot;slideInRight&quot;,&quot;jet_parallax_layout_list&quot;:[]}\">\n\t\t\t\t<\/div>\n\t\t\t\t<\/div>\n\t\t<div class=\"elementor-element elementor-element-d0b6a24 e-con-full e-flex e-con e-parent\" data-id=\"d0b6a24\" data-element_type=\"container\" data-e-type=\"container\" data-settings=\"{&quot;background_background&quot;:&quot;classic&quot;,&quot;jet_parallax_layout_list&quot;:[]}\">\n\t\t<div class=\"elementor-element elementor-element-036b736 e-con-full e-flex elementor-invisible e-con e-child\" data-id=\"036b736\" data-element_type=\"container\" data-e-type=\"container\" data-settings=\"{&quot;background_background&quot;:&quot;classic&quot;,&quot;animation&quot;:&quot;slideInLeft&quot;,&quot;jet_parallax_layout_list&quot;:[]}\">\n\t\t\t\t<\/div>\n\t\t<div class=\"elementor-element elementor-element-c699aa3 e-con-full e-flex e-con e-child\" data-id=\"c699aa3\" data-element_type=\"container\" data-e-type=\"container\" data-settings=\"{&quot;jet_parallax_layout_list&quot;:[]}\">\n\t\t\t\t<div class=\"elementor-element elementor-element-ace3700 elementor-invisible elementor-widget elementor-widget-heading\" data-id=\"ace3700\" data-element_type=\"widget\" data-e-type=\"widget\" data-settings=\"{&quot;_animation&quot;:&quot;fadeInDown&quot;}\" data-widget_type=\"heading.default\">\n\t\t\t\t\t<h1 class=\"elementor-heading-title elementor-size-default\">Hist\u00f3ria<\/h1>\t\t\t\t<\/div>\n\t\t\t\t<div class=\"elementor-element elementor-element-86083b3 elementor-invisible elementor-widget elementor-widget-text-editor\" data-id=\"86083b3\" data-element_type=\"widget\" data-e-type=\"widget\" data-settings=\"{&quot;_animation&quot;:&quot;fadeIn&quot;}\" data-widget_type=\"text-editor.default\">\n\t\t\t\t\t\t\t\t\t<p>A Van Wylick Wegdekreflectoren BV est\u00e1 no mercado h\u00e1 mais de 30 anos e \u00e9 considerada especialista na \u00e1rea dos marcadores de estrada. Em 1993, o CEO Chris van Wylick inventou uma aplica\u00e7\u00e3o de <a href=\"https:\/\/roadstuds.com\/glass-road-studs\/\">marcadores de estrada de vidro<\/a> maci\u00e7o em ladrilhos de bet\u00e3o, comercializada sob a marca \u201cTile by Van Wylick\u201d. Gra\u00e7as aos contactos no setor das infraestruturas e com as autarquias locais nos Pa\u00edses Baixos, a Van Wylick percebeu as necessidades do mercado. Conseguiu traduzir essas exig\u00eancias num produto bem desenvolvido.<\/p><p>Os marcadores de estrada de vidro est\u00e3o a substituir os marcadores de estrada <a href=\"https:\/\/www.quora.com\/What-are-the-reflective-dots-on-the-road-called\" target=\"_blank\" rel=\"noopener\">de pl\u00e1stico<\/a> que eram habitualmente utilizados. A Van Wylick conseguiu convencer o governo dos Pa\u00edses Baixos de que a instala\u00e7\u00e3o de marcadores de estrada no interior da superf\u00edcie da estrada, em vez de os colar na superf\u00edcie, constitui uma solu\u00e7\u00e3o mais duradoura. Tal como acontece com muitas coisas na vida, o barato acaba por sair caro.<\/p><p>Esses marcadores de estrada sint\u00e9ticos que s\u00e3o colados sobre a superf\u00edcie da estrada j\u00e1 n\u00e3o s\u00e3o utilizados nos Pa\u00edses Baixos e foram substitu\u00eddos por <a href=\"https:\/\/roadstuds.com\/glass-road-studs\/\">marcadores de estrada de vidro (ou LED)<\/a>. A Van Wylick Road Studs observa esta tend\u00eancia tamb\u00e9m noutros pa\u00edses.<\/p>\t\t\t\t\t\t\t\t<\/div>\n\t\t\t\t<\/div>\n\t\t\t\t<\/div>\n\t\t<div class=\"elementor-element elementor-element-26578f2 e-con-full e-flex e-con e-parent\" data-id=\"26578f2\" data-element_type=\"container\" data-e-type=\"container\" data-settings=\"{&quot;background_background&quot;:&quot;classic&quot;,&quot;jet_parallax_layout_list&quot;:[]}\">\n\t\t<div class=\"elementor-element elementor-element-1db67b6 e-con-full e-flex e-con e-child\" data-id=\"1db67b6\" data-element_type=\"container\" data-e-type=\"container\" data-settings=\"{&quot;jet_parallax_layout_list&quot;:[]}\">\n\t\t\t\t<div class=\"elementor-element elementor-element-cf16686 elementor-invisible elementor-widget elementor-widget-heading\" data-id=\"cf16686\" data-element_type=\"widget\" data-e-type=\"widget\" data-settings=\"{&quot;_animation&quot;:&quot;fadeInDown&quot;}\" data-widget_type=\"heading.default\">\n\t\t\t\t\t<h2 class=\"elementor-heading-title elementor-size-default\">Instala\u00e7\u00e3o<\/h2>\t\t\t\t<\/div>\n\t\t\t\t<div class=\"elementor-element elementor-element-7fcd8f9 elementor-invisible elementor-widget elementor-widget-text-editor\" data-id=\"7fcd8f9\" data-element_type=\"widget\" data-e-type=\"widget\" data-settings=\"{&quot;_animation&quot;:&quot;fadeIn&quot;}\" data-widget_type=\"text-editor.default\">\n\t\t\t\t\t\t\t\t\t<p>A Van Wylick Road Studs faz parte da Van Wylick Wegdek-reflectoren BV, sendo \u2014 e isto \u00e9 muito importante \u2014 uma empresa de instala\u00e7\u00e3o. Todos os refletores de estrada na Holanda e na B\u00e9lgica s\u00e3o vendidos com a instala\u00e7\u00e3o inclu\u00edda. Desta forma, a Van Wylick garante a sua instala\u00e7\u00e3o correta e, se necess\u00e1rio, fornece consultoria sobre a aplica\u00e7\u00e3o adequada.<\/p><p>Para a instala\u00e7\u00e3o em asfalto, a Van Wylick desenvolveu uma m\u00e1quina de instala\u00e7\u00e3o. A m\u00e1quina perfura um orif\u00edcio no asfalto com o di\u00e2metro e a profundidade corretos. Em seguida, os marcadores de estrada podem ser instalados, fixados por um adesivo de dois componentes. A m\u00e1quina disp\u00f5e de um sistema de medi\u00e7\u00e3o para controlar a dist\u00e2ncia entre os marcadores de estrada e de um sistema de suc\u00e7\u00e3o e limpeza para limpar o local ap\u00f3s o procedimento de perfura\u00e7\u00e3o.<\/p><p>Com esta m\u00e1quina, \u00e9 poss\u00edvel instalar entre 500 e 700 marcadores de estrada por dia. Isso depende da dist\u00e2ncia entre os marcadores e dos detalhes espec\u00edficos do projeto.<\/p>\t\t\t\t\t\t\t\t<\/div>\n\t\t\t\t<\/div>\n\t\t<div class=\"elementor-element elementor-element-1d83ba9 e-con-full e-flex elementor-invisible e-con e-child\" data-id=\"1d83ba9\" data-element_type=\"container\" data-e-type=\"container\" data-settings=\"{&quot;background_background&quot;:&quot;classic&quot;,&quot;animation&quot;:&quot;slideInRight&quot;,&quot;jet_parallax_layout_list&quot;:[]}\">\n\t\t\t\t<\/div>\n\t\t\t\t<\/div>\n\t\t\t\t<\/div>\n\t\t","protected":false},"excerpt":{"rendered":"<p>Sobre os Marcadores de Estrada da Van Wylick A Van Wylick Road Studs faz parte de uma PME holandesa especializada no nicho de mercado dos marcadores de estrada: a \u201cVan Wylick Wegdek-reflectoren BV\u201d. \u201cVan Wylick\u201d \u00e9 um sobrenome e \u201cWegdek-reflectoren\u201d significa \u201crefletores de estrada\u201d em holand\u00eas. A empresa \u00e9 de propriedade familiar e prosperou gra\u00e7as [&hellip;]<\/p>\n","protected":false},"author":1,"featured_media":0,"parent":0,"menu_order":0,"comment_status":"closed","ping_status":"closed","template":"elementor_header_footer","meta":{"_acf_changed":false,"footnotes":""},"class_list":["post-2656","page","type-page","status-publish","hentry"],"acf":[],"_links":{"self":[{"href":"https:\/\/roadstuds.com\/pt-pt\/wp-json\/wp\/v2\/pages\/2656","targetHints":{"allow":["GET"]}}],"collection":[{"href":"https:\/\/roadstuds.com\/pt-pt\/wp-json\/wp\/v2\/pages"}],"about":[{"href":"https:\/\/roadstuds.com\/pt-pt\/wp-json\/wp\/v2\/types\/page"}],"author":[{"embeddable":true,"href":"https:\/\/roadstuds.com\/pt-pt\/wp-json\/wp\/v2\/users\/1"}],"replies":[{"embeddable":true,"href":"https:\/\/roadstuds.com\/pt-pt\/wp-json\/wp\/v2\/comments?post=2656"}],"version-history":[{"count":0,"href":"https:\/\/roadstuds.com\/pt-pt\/wp-json\/wp\/v2\/pages\/2656\/revisions"}],"wp:attachment":[{"href":"https:\/\/roadstuds.com\/pt-pt\/wp-json\/wp\/v2\/media?parent=2656"}],"curies":[{"name":"wp","href":"https:\/\/api.w.org\/{rel}","templated":true}]}}